{"id":298,"date":"2021-12-13T19:42:52","date_gmt":"2021-12-13T19:42:52","guid":{"rendered":"https:\/\/bizmark.progressionstudios.com\/?post_type=product&#038;p=298"},"modified":"2021-12-13T19:42:52","modified_gmt":"2021-12-13T19:42:52","slug":"hair-shampooing","status":"publish","type":"product","link":"https:\/\/ricoclinic.com\/fr\/product\/hair-shampooing\/","title":{"rendered":"Shampooing"},"content":{"rendered":"<p>Lorem ipsum dolor sit amet sectetur adipiscin elit cras feuiat antesed ces condimentum viverra duis autue nim convallis id diam vitae duis egety dictum erosin dictum sem. Vivamus sed molestie sapien aliquam et facilisis arcu dut molestie augue suspendisse sodales tortor nunced quis cto ligula posuere cursus keuis aute irure dolor in reprehenderit in voluptate velit esse cillum dolore eu fugiat nulla pariatur. Excepteur sint occaecated cupidatat non proident sunt in culpa qui officia deserunt mollit anim id est laborum ivamus sed molestie sapien.<\/p>\n<p>Aliquam et facilisis arcuut olestie augue. Suspendisse sodales tortor nunc quis auctor ligula posuere cursus duis aute irure dolor in reprehenderit in voluptate velit esse cill doloreeu fugiat nulla pariatur excepteur sint occaecat cupidat non proident sunt in culpa qui officia deserunt mollit anim id est laborum. Vivaus sed delly molestie sapien. Aliquam et facilisis arcuut molestie augue.<\/p>","protected":false},"excerpt":{"rendered":"<p>Il s'agit d'une boutique en ligne de d\u00e9monstration. Aucune commande ne sera honor\u00e9e. Ce th\u00e8me est con\u00e7u pour WooCommerce et WordPress. Si vous avez l'intention de d\u00e9marrer une boutique en ligne tout de suite, ne cherchez pas plus loin, obtenez ce th\u00e8me sur ThemeForest.<\/p>","protected":false},"featured_media":249,"comment_status":"open","ping_status":"closed","template":"","meta":[],"product_cat":[38],"product_tag":[],"class_list":{"0":"post-298","1":"product","2":"type-product","3":"status-publish","4":"has-post-thumbnail","6":"product_cat-barbers","8":"first","9":"instock","10":"shipping-taxable","11":"purchasable","12":"product-type-simple"},"yoast_head":"<!-- This site is optimized with the Yoast SEO plugin v21.9.1 - https:\/\/yoast.com\/wordpress\/plugins\/seo\/ -->\n<title>Hair Shampooing - RicoClinic<\/title>\n<meta name=\"robots\" content=\"noindex, follow\" \/>\n<meta property=\"og:locale\" content=\"fr_CA\" \/>\n<meta property=\"og:type\" content=\"article\" \/>\n<meta property=\"og:title\" content=\"Hair Shampooing - RicoClinic\" \/>\n<meta property=\"og:description\" content=\"This is a Demo Online Store. No orders shall be fulfilled. This is a Design-Driven Theme for WooCommerce and WordPress. If you\u2019re planning to start an online store right away, look no further, get this theme on ThemeForest.\" \/>\n<meta property=\"og:url\" content=\"https:\/\/ricoclinic.com\/fr\/produit\/hair-shampooing\/\" \/>\n<meta property=\"og:site_name\" content=\"RicoClinic\" \/>\n<meta property=\"article:publisher\" content=\"https:\/\/www.facebook.com\/ricoclinic\/\" \/>\n<meta property=\"og:image\" content=\"https:\/\/ricoclinic.com\/wp-content\/uploads\/2021\/12\/visiting-barber-FXXKW3T.jpg\" \/>\n\t<meta property=\"og:image:width\" content=\"1400\" \/>\n\t<meta property=\"og:image:height\" content=\"933\" \/>\n\t<meta property=\"og:image:type\" content=\"image\/jpeg\" \/>\n<meta name=\"twitter:card\" content=\"summary_large_image\" \/>\n<meta name=\"twitter:label1\" content=\"Estimation du temps de lecture\" \/>\n\t<meta name=\"twitter:data1\" content=\"1 minute\" \/>\n<script type=\"application\/ld+json\" class=\"yoast-schema-graph\">{\"@context\":\"https:\/\/schema.org\",\"@graph\":[{\"@type\":\"WebPage\",\"@id\":\"https:\/\/ricoclinic.com\/product\/hair-shampooing\/\",\"url\":\"https:\/\/ricoclinic.com\/product\/hair-shampooing\/\",\"name\":\"Hair Shampooing - RicoClinic\",\"isPartOf\":{\"@id\":\"https:\/\/ricoclinic.com\/#website\"},\"datePublished\":\"2021-12-13T19:42:52+00:00\",\"dateModified\":\"2021-12-13T19:42:52+00:00\",\"breadcrumb\":{\"@id\":\"https:\/\/ricoclinic.com\/product\/hair-shampooing\/#breadcrumb\"},\"inLanguage\":\"fr-CA\",\"potentialAction\":[{\"@type\":\"ReadAction\",\"target\":[\"https:\/\/ricoclinic.com\/product\/hair-shampooing\/\"]}]},{\"@type\":\"BreadcrumbList\",\"@id\":\"https:\/\/ricoclinic.com\/product\/hair-shampooing\/#breadcrumb\",\"itemListElement\":[{\"@type\":\"ListItem\",\"position\":1,\"name\":\"Home\",\"item\":\"https:\/\/ricoclinic.com\/\"},{\"@type\":\"ListItem\",\"position\":2,\"name\":\"Products\",\"item\":\"https:\/\/ricoclinic.com\/shop\/\"},{\"@type\":\"ListItem\",\"position\":3,\"name\":\"Hair Shampooing\"}]},{\"@type\":\"WebSite\",\"@id\":\"https:\/\/ricoclinic.com\/#website\",\"url\":\"https:\/\/ricoclinic.com\/\",\"name\":\"Rico Clinic\",\"description\":\"scalp micropigmentation, tattoo and micropigmentation removal\",\"publisher\":{\"@id\":\"https:\/\/ricoclinic.com\/#organization\"},\"potentialAction\":[{\"@type\":\"SearchAction\",\"target\":{\"@type\":\"EntryPoint\",\"urlTemplate\":\"https:\/\/ricoclinic.com\/?s={search_term_string}\"},\"query-input\":\"required name=search_term_string\"}],\"inLanguage\":\"fr-CA\"},{\"@type\":\"Organization\",\"@id\":\"https:\/\/ricoclinic.com\/#organization\",\"name\":\"Rico Clinic\",\"url\":\"https:\/\/ricoclinic.com\/\",\"logo\":{\"@type\":\"ImageObject\",\"inLanguage\":\"fr-CA\",\"@id\":\"https:\/\/ricoclinic.com\/#\/schema\/logo\/image\/\",\"url\":\"https:\/\/ricoclinic.com\/wp-content\/uploads\/2020\/11\/logooooo.png\",\"contentUrl\":\"https:\/\/ricoclinic.com\/wp-content\/uploads\/2020\/11\/logooooo.png\",\"width\":288,\"height\":94,\"caption\":\"Rico Clinic\"},\"image\":{\"@id\":\"https:\/\/ricoclinic.com\/#\/schema\/logo\/image\/\"},\"sameAs\":[\"https:\/\/www.facebook.com\/ricoclinic\/\",\"https:\/\/www.instagram.com\/ricoclinic\/\"]}]}<\/script>\n<!-- \/ Yoast SEO plugin. -->","yoast_head_json":{"title":"Shampooing - RicoClinic","robots":{"index":"noindex","follow":"follow"},"og_locale":"fr_CA","og_type":"article","og_title":"Hair Shampooing - RicoClinic","og_description":"This is a Demo Online Store. No orders shall be fulfilled. This is a Design-Driven Theme for WooCommerce and WordPress. If you\u2019re planning to start an online store right away, look no further, get this theme on ThemeForest.","og_url":"https:\/\/ricoclinic.com\/fr\/produit\/hair-shampooing\/","og_site_name":"RicoClinic","article_publisher":"https:\/\/www.facebook.com\/ricoclinic\/","og_image":[{"width":1400,"height":933,"url":"https:\/\/ricoclinic.com\/wp-content\/uploads\/2021\/12\/visiting-barber-FXXKW3T.jpg","type":"image\/jpeg"}],"twitter_card":"summary_large_image","twitter_misc":{"Estimation du temps de lecture":"1 minute"},"schema":{"@context":"https:\/\/schema.org","@graph":[{"@type":"WebPage","@id":"https:\/\/ricoclinic.com\/product\/hair-shampooing\/","url":"https:\/\/ricoclinic.com\/product\/hair-shampooing\/","name":"Shampooing - RicoClinic","isPartOf":{"@id":"https:\/\/ricoclinic.com\/#website"},"datePublished":"2021-12-13T19:42:52+00:00","dateModified":"2021-12-13T19:42:52+00:00","breadcrumb":{"@id":"https:\/\/ricoclinic.com\/product\/hair-shampooing\/#breadcrumb"},"inLanguage":"fr-CA","potentialAction":[{"@type":"ReadAction","target":["https:\/\/ricoclinic.com\/product\/hair-shampooing\/"]}]},{"@type":"BreadcrumbList","@id":"https:\/\/ricoclinic.com\/product\/hair-shampooing\/#breadcrumb","itemListElement":[{"@type":"ListItem","position":1,"name":"Home","item":"https:\/\/ricoclinic.com\/"},{"@type":"ListItem","position":2,"name":"Products","item":"https:\/\/ricoclinic.com\/shop\/"},{"@type":"ListItem","position":3,"name":"Hair Shampooing"}]},{"@type":"WebSite","@id":"https:\/\/ricoclinic.com\/#website","url":"https:\/\/ricoclinic.com\/","name":"Clinique Rico","description":"micropigmentation du cuir chevelu, \u00e9limination des tatouages et de la micropigmentation","publisher":{"@id":"https:\/\/ricoclinic.com\/#organization"},"potentialAction":[{"@type":"SearchAction","target":{"@type":"EntryPoint","urlTemplate":"https:\/\/ricoclinic.com\/?s={search_term_string}"},"query-input":"required name=search_term_string"}],"inLanguage":"fr-CA"},{"@type":"Organization","@id":"https:\/\/ricoclinic.com\/#organization","name":"Clinique Rico","url":"https:\/\/ricoclinic.com\/","logo":{"@type":"ImageObject","inLanguage":"fr-CA","@id":"https:\/\/ricoclinic.com\/#\/schema\/logo\/image\/","url":"https:\/\/ricoclinic.com\/wp-content\/uploads\/2020\/11\/logooooo.png","contentUrl":"https:\/\/ricoclinic.com\/wp-content\/uploads\/2020\/11\/logooooo.png","width":288,"height":94,"caption":"Rico Clinic"},"image":{"@id":"https:\/\/ricoclinic.com\/#\/schema\/logo\/image\/"},"sameAs":["https:\/\/www.facebook.com\/ricoclinic\/","https:\/\/www.instagram.com\/ricoclinic\/"]}]}},"_links":{"self":[{"href":"https:\/\/ricoclinic.com\/fr\/wp-json\/wp\/v2\/product\/298","targetHints":{"allow":["GET"]}}],"collection":[{"href":"https:\/\/ricoclinic.com\/fr\/wp-json\/wp\/v2\/product"}],"about":[{"href":"https:\/\/ricoclinic.com\/fr\/wp-json\/wp\/v2\/types\/product"}],"replies":[{"embeddable":true,"href":"https:\/\/ricoclinic.com\/fr\/wp-json\/wp\/v2\/comments?post=298"}],"wp:featuredmedia":[{"embeddable":true,"href":"https:\/\/ricoclinic.com\/fr\/wp-json\/wp\/v2\/media\/249"}],"wp:attachment":[{"href":"https:\/\/ricoclinic.com\/fr\/wp-json\/wp\/v2\/media?parent=298"}],"wp:term":[{"taxonomy":"product_cat","embeddable":true,"href":"https:\/\/ricoclinic.com\/fr\/wp-json\/wp\/v2\/product_cat?post=298"},{"taxonomy":"product_tag","embeddable":true,"href":"https:\/\/ricoclinic.com\/fr\/wp-json\/wp\/v2\/product_tag?post=298"}],"curies":[{"name":"wp","href":"https:\/\/api.w.org\/{rel}","templated":true}]}}