{"id":30945,"date":"2024-05-14T08:34:55","date_gmt":"2024-05-14T12:34:55","guid":{"rendered":"https:\/\/ricoclinic.com\/1714488267397\/?page_id=30945"},"modified":"2025-06-14T10:38:43","modified_gmt":"2025-06-14T14:38:43","slug":"services-2","status":"publish","type":"page","link":"https:\/\/ricoclinic.com\/fr\/services-2\/","title":{"rendered":"Services"},"content":{"rendered":"<div data-elementor-type=\"wp-page\" data-elementor-id=\"30945\" class=\"elementor elementor-30945\" data-elementor-post-type=\"page\">\n\t\t\t\t\t\t<section class=\"elementor-section elementor-top-section elementor-element elementor-element-2738b4ef elementor-section-content-middle elementor-section-boxed elementor-section-height-default elementor-section-height-default\" data-id=\"2738b4ef\" data-element_type=\"section\" data-settings=\"{&quot;background_background&quot;:&quot;classic&quot;}\">\n\t\t\t\t\t\t<div class=\"elementor-container elementor-column-gap-default\">\n\t\t\t\t\t<div class=\"elementor-column elementor-col-50 elementor-top-column elementor-element elementor-element-55e703ee\" data-id=\"55e703ee\" data-element_type=\"column\">\n\t\t\t<div class=\"elementor-widget-wrap elementor-element-populated\">\n\t\t\t\t\t\t<div class=\"elementor-element elementor-element-2ddd9a35 elementor-widget elementor-widget-heading\" data-id=\"2ddd9a35\" data-element_type=\"widget\" data-widget_type=\"heading.default\">\n\t\t\t\t<div class=\"elementor-widget-container\">\n\t\t\t<h5 class=\"elementor-heading-title elementor-size-default\">Ce que nous offrons<\/h5>\t\t<\/div>\n\t\t\t\t<\/div>\n\t\t\t\t<div class=\"elementor-element elementor-element-299fb80a elementor-widget elementor-widget-heading\" data-id=\"299fb80a\" data-element_type=\"widget\" data-widget_type=\"heading.default\">\n\t\t\t\t<div class=\"elementor-widget-container\">\n\t\t\t<h2 class=\"elementor-heading-title elementor-size-default\">Nos Services<\/h2>\t\t<\/div>\n\t\t\t\t<\/div>\n\t\t\t\t\t<\/div>\n\t\t<\/div>\n\t\t\t\t<div class=\"elementor-column elementor-col-50 elementor-top-column elementor-element elementor-element-409c7928\" data-id=\"409c7928\" data-element_type=\"column\">\n\t\t\t<div class=\"elementor-widget-wrap elementor-element-populated\">\n\t\t\t\t\t\t<div class=\"elementor-element elementor-element-42038159 elementor-widget elementor-widget-text-editor\" data-id=\"42038159\" data-element_type=\"widget\" data-widget_type=\"text-editor.default\">\n\t\t\t\t<div class=\"elementor-widget-container\">\n\t\t\t\t\t\t\t<p>\"L\u2019art de la beaut\u00e9 durable \u00e0 port\u00e9e de main. Prenez rendez-vous aujourd'hui et transformez votre vie quotidienne.\"<\/p>\t\t\t\t\t\t<\/div>\n\t\t\t\t<\/div>\n\t\t\t\t\t<\/div>\n\t\t<\/div>\n\t\t\t\t\t<\/div>\n\t\t<\/section>\n\t\t\t\t<section class=\"elementor-section elementor-top-section elementor-element elementor-element-e9b9b5 elementor-section-boxed elementor-section-height-default elementor-section-height-default\" data-id=\"e9b9b5\" data-element_type=\"section\">\n\t\t\t\t\t\t<div class=\"elementor-container elementor-column-gap-default\">\n\t\t\t\t\t<div class=\"elementor-column elementor-col-33 elementor-top-column elementor-element elementor-element-5cd8932c\" data-id=\"5cd8932c\" data-element_type=\"column\">\n\t\t\t<div class=\"elementor-widget-wrap elementor-element-populated\">\n\t\t\t\t\t\t<div class=\"elementor-element elementor-element-762d6d25 elementor-widget elementor-widget-image\" data-id=\"762d6d25\" data-element_type=\"widget\" data-widget_type=\"image.default\">\n\t\t\t\t<div class=\"elementor-widget-container\">\n\t\t\t\t\t\t\t\t\t\t\t\t\t\t<a href=\"https:\/\/ricoclinic.com\/fr\/services-2\/micropigmentation-service-page\/\">\n\t\t\t\t\t\t\t<img decoding=\"async\" src=\"https:\/\/ricoclinic.com\/wp-content\/uploads\/elementor\/thumbs\/image-part31@72x-100-1-1-qpi7xjelsa97942ggd5m6lkczqf5agd05jlfargsm4.jpg\" title=\"image-part31@72x-100-1.jpg\" alt=\"rico clinic micropigmentation\" loading=\"lazy\" \/>\t\t\t\t\t\t\t\t<\/a>\n\t\t\t\t\t\t\t\t\t\t\t\t\t<\/div>\n\t\t\t\t<\/div>\n\t\t\t\t<section class=\"elementor-section elementor-inner-section elementor-element elementor-element-6bd6c6bb elementor-section-boxed elementor-section-height-default elementor-section-height-default\" data-id=\"6bd6c6bb\" data-element_type=\"section\" data-settings=\"{&quot;background_background&quot;:&quot;classic&quot;}\">\n\t\t\t\t\t\t<div class=\"elementor-container elementor-column-gap-default\">\n\t\t\t\t\t<div class=\"elementor-column elementor-col-100 elementor-inner-column elementor-element elementor-element-5cb642c8\" data-id=\"5cb642c8\" data-element_type=\"column\">\n\t\t\t<div class=\"elementor-widget-wrap elementor-element-populated\">\n\t\t\t\t\t\t<div class=\"elementor-element elementor-element-6c355934 elementor-widget elementor-widget-heading\" data-id=\"6c355934\" data-element_type=\"widget\" data-widget_type=\"heading.default\">\n\t\t\t\t<div class=\"elementor-widget-container\">\n\t\t\t<h2 class=\"elementor-heading-title elementor-size-default\"><a href=\"https:\/\/ricoclinic.com\/fr\/services-2\/micropigmentation-service-page\/\">Micro pigmentation<\/a><\/h2>\t\t<\/div>\n\t\t\t\t<\/div>\n\t\t\t\t<div class=\"elementor-element elementor-element-6d4c9ee1 elementor-widget elementor-widget-text-editor\" data-id=\"6d4c9ee1\" data-element_type=\"widget\" data-widget_type=\"text-editor.default\">\n\t\t\t\t<div class=\"elementor-widget-container\">\n\t\t\t\t\t\t\t<p>Revitalisez votre regard et red\u00e9finissez votre beaut\u00e9 gr\u00e2ce \u00e0 nos services de micro pigmentation. L'art d'une beaut\u00e9 durable \u00e0 port\u00e9e de main.<\/p>\t\t\t\t\t\t<\/div>\n\t\t\t\t<\/div>\n\t\t\t\t<div class=\"elementor-element elementor-element-371335d elementor-tablet-align-center elementor-mobile-align-center elementor-widget__width-auto elementor-widget-tablet__width-inherit elementor-widget-mobile__width-inherit elementor-widget elementor-widget-button\" data-id=\"371335d\" data-element_type=\"widget\" data-widget_type=\"button.default\">\n\t\t\t\t<div class=\"elementor-widget-container\">\n\t\t\t\t\t<div class=\"elementor-button-wrapper\">\n\t\t\t<a class=\"elementor-button elementor-button-link elementor-size-sm\" href=\"https:\/\/squareup.com\/appointments\/book\/avk6vytb8rp6iv\/LB65GN3QB8KZ2\/start\">\n\t\t\t\t\t\t<span class=\"elementor-button-content-wrapper\">\n\t\t\t\t\t\t\t\t\t<span class=\"elementor-button-text\">RESERVEZ MAINTENANT<\/span>\n\t\t\t\t\t<\/span>\n\t\t\t\t\t<\/a>\n\t\t<\/div>\n\t\t\t\t<\/div>\n\t\t\t\t<\/div>\n\t\t\t\t<div class=\"elementor-element elementor-element-379cc8f9 elementor-tablet-align-center elementor-mobile-align-center elementor-widget__width-auto elementor-widget-tablet__width-inherit elementor-widget-mobile__width-inherit elementor-widget elementor-widget-button\" data-id=\"379cc8f9\" data-element_type=\"widget\" data-widget_type=\"button.default\">\n\t\t\t\t<div class=\"elementor-widget-container\">\n\t\t\t\t\t<div class=\"elementor-button-wrapper\">\n\t\t\t<a class=\"elementor-button elementor-button-link elementor-size-sm\" href=\"https:\/\/ricoclinic.com\/fr\/services-2\/micropigmentation-service-page\/\">\n\t\t\t\t\t\t<span class=\"elementor-button-content-wrapper\">\n\t\t\t\t\t\t\t\t\t<span class=\"elementor-button-text\">Savoir Plus<\/span>\n\t\t\t\t\t<\/span>\n\t\t\t\t\t<\/a>\n\t\t<\/div>\n\t\t\t\t<\/div>\n\t\t\t\t<\/div>\n\t\t\t\t\t<\/div>\n\t\t<\/div>\n\t\t\t\t\t<\/div>\n\t\t<\/section>\n\t\t\t\t\t<\/div>\n\t\t<\/div>\n\t\t\t\t<div class=\"elementor-column elementor-col-33 elementor-top-column elementor-element elementor-element-6c456765\" data-id=\"6c456765\" data-element_type=\"column\">\n\t\t\t<div class=\"elementor-widget-wrap elementor-element-populated\">\n\t\t\t\t\t\t<div class=\"elementor-element elementor-element-480c9cfb elementor-widget elementor-widget-image\" data-id=\"480c9cfb\" data-element_type=\"widget\" data-widget_type=\"image.default\">\n\t\t\t\t<div class=\"elementor-widget-container\">\n\t\t\t\t\t\t\t\t\t\t\t\t\t\t<a href=\"https:\/\/ricoclinic.com\/fr\/services-2\/laser-detatouage-enlever-tattoo-montreal-meilleur\/\">\n\t\t\t\t\t\t\t<img decoding=\"async\" src=\"https:\/\/ricoclinic.com\/wp-content\/uploads\/elementor\/thumbs\/tattoo-removal-qpi7xgl37s5caa6jwtxqh49z7kt1nd1t55myuxkz4s.png\" title=\"d\u00e9tatouage\" alt=\"\u00e9limination des tatouages clinique rico\" loading=\"lazy\" \/>\t\t\t\t\t\t\t\t<\/a>\n\t\t\t\t\t\t\t\t\t\t\t\t\t<\/div>\n\t\t\t\t<\/div>\n\t\t\t\t<section class=\"elementor-section elementor-inner-section elementor-element elementor-element-e482320 elementor-section-boxed elementor-section-height-default elementor-section-height-default\" data-id=\"e482320\" data-element_type=\"section\" data-settings=\"{&quot;background_background&quot;:&quot;classic&quot;}\">\n\t\t\t\t\t\t<div class=\"elementor-container elementor-column-gap-default\">\n\t\t\t\t\t<div class=\"elementor-column elementor-col-100 elementor-inner-column elementor-element elementor-element-7ee90e95\" data-id=\"7ee90e95\" data-element_type=\"column\">\n\t\t\t<div class=\"elementor-widget-wrap elementor-element-populated\">\n\t\t\t\t\t\t<div class=\"elementor-element elementor-element-88cee86 elementor-widget elementor-widget-heading\" data-id=\"88cee86\" data-element_type=\"widget\" data-widget_type=\"heading.default\">\n\t\t\t\t<div class=\"elementor-widget-container\">\n\t\t\t<h2 class=\"elementor-heading-title elementor-size-default\"><a href=\"\/fr\/services\/services-single\/\">d\u00e9tatouage<\/a><\/h2>\t\t<\/div>\n\t\t\t\t<\/div>\n\t\t\t\t<div class=\"elementor-element elementor-element-414f23ed elementor-widget elementor-widget-text-editor\" data-id=\"414f23ed\" data-element_type=\"widget\" data-widget_type=\"text-editor.default\">\n\t\t\t\t<div class=\"elementor-widget-container\">\n\t\t\t\t\t\t\t<p>Dites adieu aux vieux tatouages, aux taches de naissance ou au maquillage permanent ind\u00e9sirable gr\u00e2ce \u00e0 notre service de d\u00e9tatouage.<\/p>\t\t\t\t\t\t<\/div>\n\t\t\t\t<\/div>\n\t\t\t\t<div class=\"elementor-element elementor-element-bf013d5 elementor-tablet-align-center elementor-mobile-align-center elementor-widget__width-auto elementor-widget-tablet__width-inherit elementor-widget-mobile__width-inherit elementor-widget elementor-widget-button\" data-id=\"bf013d5\" data-element_type=\"widget\" data-widget_type=\"button.default\">\n\t\t\t\t<div class=\"elementor-widget-container\">\n\t\t\t\t\t<div class=\"elementor-button-wrapper\">\n\t\t\t<a class=\"elementor-button elementor-button-link elementor-size-sm\" href=\"https:\/\/squareup.com\/appointments\/book\/avk6vytb8rp6iv\/LB65GN3QB8KZ2\/start\">\n\t\t\t\t\t\t<span class=\"elementor-button-content-wrapper\">\n\t\t\t\t\t\t\t\t\t<span class=\"elementor-button-text\">RESERVEZ MAINTENANT<\/span>\n\t\t\t\t\t<\/span>\n\t\t\t\t\t<\/a>\n\t\t<\/div>\n\t\t\t\t<\/div>\n\t\t\t\t<\/div>\n\t\t\t\t<div class=\"elementor-element elementor-element-1d30cc04 elementor-tablet-align-center elementor-mobile-align-center elementor-widget__width-auto elementor-widget-tablet__width-inherit elementor-widget-mobile__width-inherit elementor-widget elementor-widget-button\" data-id=\"1d30cc04\" data-element_type=\"widget\" data-widget_type=\"button.default\">\n\t\t\t\t<div class=\"elementor-widget-container\">\n\t\t\t\t\t<div class=\"elementor-button-wrapper\">\n\t\t\t<a class=\"elementor-button elementor-button-link elementor-size-sm\" href=\"https:\/\/ricoclinic.com\/fr\/services-2\/tattoo-removal-service-page\/\">\n\t\t\t\t\t\t<span class=\"elementor-button-content-wrapper\">\n\t\t\t\t\t\t\t\t\t<span class=\"elementor-button-text\">Savoir Plus<\/span>\n\t\t\t\t\t<\/span>\n\t\t\t\t\t<\/a>\n\t\t<\/div>\n\t\t\t\t<\/div>\n\t\t\t\t<\/div>\n\t\t\t\t\t<\/div>\n\t\t<\/div>\n\t\t\t\t\t<\/div>\n\t\t<\/section>\n\t\t\t\t\t<\/div>\n\t\t<\/div>\n\t\t\t\t<div class=\"elementor-column elementor-col-33 elementor-top-column elementor-element elementor-element-78f0d74d\" data-id=\"78f0d74d\" data-element_type=\"column\">\n\t\t\t<div class=\"elementor-widget-wrap elementor-element-populated\">\n\t\t\t\t\t\t<div class=\"elementor-element elementor-element-458c717e elementor-widget elementor-widget-image\" data-id=\"458c717e\" data-element_type=\"widget\" data-widget_type=\"image.default\">\n\t\t\t\t<div class=\"elementor-widget-container\">\n\t\t\t\t\t\t\t\t\t\t\t\t\t\t<a href=\"https:\/\/ricoclinic.com\/fr\/services-2\/smp-removal-service-page\/\">\n\t\t\t\t\t\t\t<img decoding=\"async\" src=\"https:\/\/ricoclinic.com\/wp-content\/uploads\/elementor\/thumbs\/image@72x-100-qpi7xhixem6mlw56rccd1m1fsyoev25jhaagc7jkyk.jpg\" title=\"Enl\u00e8vement du SMP clinique rico\" alt=\"Enl\u00e8vement du SMP clinique rico\" loading=\"lazy\" \/>\t\t\t\t\t\t\t\t<\/a>\n\t\t\t\t\t\t\t\t\t\t\t\t\t<\/div>\n\t\t\t\t<\/div>\n\t\t\t\t<section class=\"elementor-section elementor-inner-section elementor-element elementor-element-674646d8 elementor-section-boxed elementor-section-height-default elementor-section-height-default\" data-id=\"674646d8\" data-element_type=\"section\" data-settings=\"{&quot;background_background&quot;:&quot;classic&quot;}\">\n\t\t\t\t\t\t<div class=\"elementor-container elementor-column-gap-default\">\n\t\t\t\t\t<div class=\"elementor-column elementor-col-100 elementor-inner-column elementor-element elementor-element-5a9c89be\" data-id=\"5a9c89be\" data-element_type=\"column\">\n\t\t\t<div class=\"elementor-widget-wrap elementor-element-populated\">\n\t\t\t\t\t\t<div class=\"elementor-element elementor-element-19193b91 elementor-widget elementor-widget-heading\" data-id=\"19193b91\" data-element_type=\"widget\" data-widget_type=\"heading.default\">\n\t\t\t\t<div class=\"elementor-widget-container\">\n\t\t\t<h2 class=\"elementor-heading-title elementor-size-default\"><a href=\"https:\/\/ricoclinic.com\/fr\/services-2\/smp-removal-service-page\/\">suppression du smp<\/a><\/h2>\t\t<\/div>\n\t\t\t\t<\/div>\n\t\t\t\t<div class=\"elementor-element elementor-element-5f0c75b elementor-widget elementor-widget-text-editor\" data-id=\"5f0c75b\" data-element_type=\"widget\" data-widget_type=\"text-editor.default\">\n\t\t\t\t<div class=\"elementor-widget-container\">\n\t\t\t\t\t\t\t<p>L'\u00e9limination de la micro pigmentation  au laser est une proc\u00e9dure cosm\u00e9tique non invasive con\u00e7ue pour att\u00e9nuer ou \u00e9liminer compl\u00e8tement la micro pigmentation ind\u00e9sirable du cuir chevelu.<br><\/p>\t\t\t\t\t\t<\/div>\n\t\t\t\t<\/div>\n\t\t\t\t<div class=\"elementor-element elementor-element-74f6e6c4 elementor-tablet-align-center elementor-mobile-align-center elementor-widget__width-auto elementor-widget-tablet__width-inherit elementor-widget-mobile__width-inherit elementor-widget elementor-widget-button\" data-id=\"74f6e6c4\" data-element_type=\"widget\" data-widget_type=\"button.default\">\n\t\t\t\t<div class=\"elementor-widget-container\">\n\t\t\t\t\t<div class=\"elementor-button-wrapper\">\n\t\t\t<a class=\"elementor-button elementor-button-link elementor-size-sm\" href=\"https:\/\/squareup.com\/appointments\/book\/avk6vytb8rp6iv\/LB65GN3QB8KZ2\/start\">\n\t\t\t\t\t\t<span class=\"elementor-button-content-wrapper\">\n\t\t\t\t\t\t\t\t\t<span class=\"elementor-button-text\">RESERVEZ MAINTENANT<\/span>\n\t\t\t\t\t<\/span>\n\t\t\t\t\t<\/a>\n\t\t<\/div>\n\t\t\t\t<\/div>\n\t\t\t\t<\/div>\n\t\t\t\t<div class=\"elementor-element elementor-element-70a68946 elementor-tablet-align-center elementor-mobile-align-center elementor-widget__width-auto elementor-widget-tablet__width-inherit elementor-widget-mobile__width-inherit elementor-widget elementor-widget-button\" data-id=\"70a68946\" data-element_type=\"widget\" data-widget_type=\"button.default\">\n\t\t\t\t<div class=\"elementor-widget-container\">\n\t\t\t\t\t<div class=\"elementor-button-wrapper\">\n\t\t\t<a class=\"elementor-button elementor-button-link elementor-size-sm\" href=\"https:\/\/ricoclinic.com\/fr\/services-2\/smp-removal-service-page\/\">\n\t\t\t\t\t\t<span class=\"elementor-button-content-wrapper\">\n\t\t\t\t\t\t\t\t\t<span class=\"elementor-button-text\">Savoir Plus<\/span>\n\t\t\t\t\t<\/span>\n\t\t\t\t\t<\/a>\n\t\t<\/div>\n\t\t\t\t<\/div>\n\t\t\t\t<\/div>\n\t\t\t\t\t<\/div>\n\t\t<\/div>\n\t\t\t\t\t<\/div>\n\t\t<\/section>\n\t\t\t\t\t<\/div>\n\t\t<\/div>\n\t\t\t\t\t<\/div>\n\t\t<\/section>\n\t\t\t\t<\/div>","protected":false},"excerpt":{"rendered":"<p>what we&#8217;re offering OUR Services &#8220;The art of lasting beauty at your fingertips. Schedule an appointment today and transform your everyday life.&#8221; Micropigmentation Revitalize your gaze and redefine your beauty with our micropigmentation services.The art of lasting beauty at your fingertips. BOOK NOW Learn More tattoo removal Say goodbye to old tattoos, birthmarks, or unwanted [&hellip;]<\/p>\n","protected":false},"author":1,"featured_media":0,"parent":0,"menu_order":0,"comment_status":"closed","ping_status":"closed","template":"elementor_header_footer","meta":{"footnotes":""},"class_list":["post-30945","page","type-page","status-publish","hentry"],"yoast_head":"<!-- This site is optimized with the Yoast SEO plugin v21.9.1 - https:\/\/yoast.com\/wordpress\/plugins\/seo\/ -->\n<title>Services - RicoClinic<\/title>\n<meta name=\"robots\" content=\"index, follow, max-snippet:-1, max-image-preview:large, max-video-preview:-1\" \/>\n<link rel=\"canonical\" href=\"https:\/\/ricoclinic.com\/fr\/services-2\/\" \/>\n<meta property=\"og:locale\" content=\"fr_CA\" \/>\n<meta property=\"og:type\" content=\"article\" \/>\n<meta property=\"og:title\" content=\"Services - RicoClinic\" \/>\n<meta property=\"og:description\" content=\"what we&#8217;re offering OUR Services &#8220;The art of lasting beauty at your fingertips. Schedule an appointment today and transform your everyday life.&#8221; Micropigmentation Revitalize your gaze and redefine your beauty with our micropigmentation services.The art of lasting beauty at your fingertips. BOOK NOW Learn More tattoo removal Say goodbye to old tattoos, birthmarks, or unwanted [&hellip;]\" \/>\n<meta property=\"og:url\" content=\"https:\/\/ricoclinic.com\/fr\/services-2\/\" \/>\n<meta property=\"og:site_name\" content=\"RicoClinic\" \/>\n<meta property=\"article:publisher\" content=\"https:\/\/www.facebook.com\/ricoclinic\/\" \/>\n<meta property=\"article:modified_time\" content=\"2025-06-14T14:38:43+00:00\" \/>\n<meta property=\"og:image\" content=\"https:\/\/ricoclinic.com\/wp-content\/uploads\/elementor\/thumbs\/image-part31@72x-100-1-1-qpi7xjelsa97942ggd5m6lkczqf5agd05jlfargsm4.jpg\" \/>\n<meta name=\"twitter:card\" content=\"summary_large_image\" \/>\n<meta name=\"twitter:label1\" content=\"Estimation du temps de lecture\" \/>\n\t<meta name=\"twitter:data1\" content=\"1 minute\" \/>\n<script type=\"application\/ld+json\" class=\"yoast-schema-graph\">{\"@context\":\"https:\/\/schema.org\",\"@graph\":[{\"@type\":\"WebPage\",\"@id\":\"https:\/\/ricoclinic.com\/services-2\/\",\"url\":\"https:\/\/ricoclinic.com\/services-2\/\",\"name\":\"Services - RicoClinic\",\"isPartOf\":{\"@id\":\"https:\/\/ricoclinic.com\/#website\"},\"datePublished\":\"2024-05-14T12:34:55+00:00\",\"dateModified\":\"2025-06-14T14:38:43+00:00\",\"breadcrumb\":{\"@id\":\"https:\/\/ricoclinic.com\/services-2\/#breadcrumb\"},\"inLanguage\":\"fr-CA\",\"potentialAction\":[{\"@type\":\"ReadAction\",\"target\":[\"https:\/\/ricoclinic.com\/services-2\/\"]}]},{\"@type\":\"BreadcrumbList\",\"@id\":\"https:\/\/ricoclinic.com\/services-2\/#breadcrumb\",\"itemListElement\":[{\"@type\":\"ListItem\",\"position\":1,\"name\":\"Home\",\"item\":\"https:\/\/ricoclinic.com\/\"},{\"@type\":\"ListItem\",\"position\":2,\"name\":\"Services\"}]},{\"@type\":\"WebSite\",\"@id\":\"https:\/\/ricoclinic.com\/#website\",\"url\":\"https:\/\/ricoclinic.com\/\",\"name\":\"Rico Clinic\",\"description\":\"scalp micropigmentation, tattoo and micropigmentation removal\",\"publisher\":{\"@id\":\"https:\/\/ricoclinic.com\/#organization\"},\"potentialAction\":[{\"@type\":\"SearchAction\",\"target\":{\"@type\":\"EntryPoint\",\"urlTemplate\":\"https:\/\/ricoclinic.com\/?s={search_term_string}\"},\"query-input\":\"required name=search_term_string\"}],\"inLanguage\":\"fr-CA\"},{\"@type\":\"Organization\",\"@id\":\"https:\/\/ricoclinic.com\/#organization\",\"name\":\"Rico Clinic\",\"url\":\"https:\/\/ricoclinic.com\/\",\"logo\":{\"@type\":\"ImageObject\",\"inLanguage\":\"fr-CA\",\"@id\":\"https:\/\/ricoclinic.com\/#\/schema\/logo\/image\/\",\"url\":\"https:\/\/ricoclinic.com\/wp-content\/uploads\/2020\/11\/logooooo.png\",\"contentUrl\":\"https:\/\/ricoclinic.com\/wp-content\/uploads\/2020\/11\/logooooo.png\",\"width\":288,\"height\":94,\"caption\":\"Rico Clinic\"},\"image\":{\"@id\":\"https:\/\/ricoclinic.com\/#\/schema\/logo\/image\/\"},\"sameAs\":[\"https:\/\/www.facebook.com\/ricoclinic\/\",\"https:\/\/www.instagram.com\/ricoclinic\/\"]}]}<\/script>\n<!-- \/ Yoast SEO plugin. -->","yoast_head_json":{"title":"Services - RicoClinic","robots":{"index":"index","follow":"follow","max-snippet":"max-snippet:-1","max-image-preview":"max-image-preview:large","max-video-preview":"max-video-preview:-1"},"canonical":"https:\/\/ricoclinic.com\/fr\/services-2\/","og_locale":"fr_CA","og_type":"article","og_title":"Services - RicoClinic","og_description":"what we&#8217;re offering OUR Services &#8220;The art of lasting beauty at your fingertips. Schedule an appointment today and transform your everyday life.&#8221; Micropigmentation Revitalize your gaze and redefine your beauty with our micropigmentation services.The art of lasting beauty at your fingertips. BOOK NOW Learn More tattoo removal Say goodbye to old tattoos, birthmarks, or unwanted [&hellip;]","og_url":"https:\/\/ricoclinic.com\/fr\/services-2\/","og_site_name":"RicoClinic","article_publisher":"https:\/\/www.facebook.com\/ricoclinic\/","article_modified_time":"2025-06-14T14:38:43+00:00","og_image":[{"url":"https:\/\/ricoclinic.com\/wp-content\/uploads\/elementor\/thumbs\/image-part31@72x-100-1-1-qpi7xjelsa97942ggd5m6lkczqf5agd05jlfargsm4.jpg"}],"twitter_card":"summary_large_image","twitter_misc":{"Estimation du temps de lecture":"1 minute"},"schema":{"@context":"https:\/\/schema.org","@graph":[{"@type":"WebPage","@id":"https:\/\/ricoclinic.com\/services-2\/","url":"https:\/\/ricoclinic.com\/services-2\/","name":"Services - RicoClinic","isPartOf":{"@id":"https:\/\/ricoclinic.com\/#website"},"datePublished":"2024-05-14T12:34:55+00:00","dateModified":"2025-06-14T14:38:43+00:00","breadcrumb":{"@id":"https:\/\/ricoclinic.com\/services-2\/#breadcrumb"},"inLanguage":"fr-CA","potentialAction":[{"@type":"ReadAction","target":["https:\/\/ricoclinic.com\/services-2\/"]}]},{"@type":"BreadcrumbList","@id":"https:\/\/ricoclinic.com\/services-2\/#breadcrumb","itemListElement":[{"@type":"ListItem","position":1,"name":"Home","item":"https:\/\/ricoclinic.com\/"},{"@type":"ListItem","position":2,"name":"Services"}]},{"@type":"WebSite","@id":"https:\/\/ricoclinic.com\/#website","url":"https:\/\/ricoclinic.com\/","name":"Clinique Rico","description":"micropigmentation du cuir chevelu, \u00e9limination des tatouages et de la micropigmentation","publisher":{"@id":"https:\/\/ricoclinic.com\/#organization"},"potentialAction":[{"@type":"SearchAction","target":{"@type":"EntryPoint","urlTemplate":"https:\/\/ricoclinic.com\/?s={search_term_string}"},"query-input":"required name=search_term_string"}],"inLanguage":"fr-CA"},{"@type":"Organization","@id":"https:\/\/ricoclinic.com\/#organization","name":"Clinique Rico","url":"https:\/\/ricoclinic.com\/","logo":{"@type":"ImageObject","inLanguage":"fr-CA","@id":"https:\/\/ricoclinic.com\/#\/schema\/logo\/image\/","url":"https:\/\/ricoclinic.com\/wp-content\/uploads\/2020\/11\/logooooo.png","contentUrl":"https:\/\/ricoclinic.com\/wp-content\/uploads\/2020\/11\/logooooo.png","width":288,"height":94,"caption":"Rico Clinic"},"image":{"@id":"https:\/\/ricoclinic.com\/#\/schema\/logo\/image\/"},"sameAs":["https:\/\/www.facebook.com\/ricoclinic\/","https:\/\/www.instagram.com\/ricoclinic\/"]}]}},"_links":{"self":[{"href":"https:\/\/ricoclinic.com\/fr\/wp-json\/wp\/v2\/pages\/30945","targetHints":{"allow":["GET"]}}],"collection":[{"href":"https:\/\/ricoclinic.com\/fr\/wp-json\/wp\/v2\/pages"}],"about":[{"href":"https:\/\/ricoclinic.com\/fr\/wp-json\/wp\/v2\/types\/page"}],"author":[{"embeddable":true,"href":"https:\/\/ricoclinic.com\/fr\/wp-json\/wp\/v2\/users\/1"}],"replies":[{"embeddable":true,"href":"https:\/\/ricoclinic.com\/fr\/wp-json\/wp\/v2\/comments?post=30945"}],"version-history":[{"count":14,"href":"https:\/\/ricoclinic.com\/fr\/wp-json\/wp\/v2\/pages\/30945\/revisions"}],"predecessor-version":[{"id":31991,"href":"https:\/\/ricoclinic.com\/fr\/wp-json\/wp\/v2\/pages\/30945\/revisions\/31991"}],"wp:attachment":[{"href":"https:\/\/ricoclinic.com\/fr\/wp-json\/wp\/v2\/media?parent=30945"}],"curies":[{"name":"wp","href":"https:\/\/api.w.org\/{rel}","templated":true}]}}