{"id":27,"date":"2021-12-09T20:19:51","date_gmt":"2021-12-09T20:19:51","guid":{"rendered":"https:\/\/bizmark.progressionstudios.com\/?page_id=27"},"modified":"2024-10-10T01:16:15","modified_gmt":"2024-10-10T05:16:15","slug":"services","status":"publish","type":"page","link":"https:\/\/ricoclinic.com\/fr\/services\/","title":{"rendered":"Services"},"content":{"rendered":"<div data-elementor-type=\"wp-page\" data-elementor-id=\"27\" class=\"elementor elementor-27\" data-elementor-post-type=\"page\">\n\t\t\t\t\t\t<section class=\"elementor-section elementor-top-section elementor-element elementor-element-69391f70 elementor-section-content-middle elementor-section-boxed elementor-section-height-default elementor-section-height-default\" data-id=\"69391f70\" data-element_type=\"section\" data-settings=\"{&quot;background_background&quot;:&quot;classic&quot;}\">\n\t\t\t\t\t\t<div class=\"elementor-container elementor-column-gap-default\">\n\t\t\t\t\t<div class=\"elementor-column elementor-col-50 elementor-top-column elementor-element elementor-element-693a9e66\" data-id=\"693a9e66\" data-element_type=\"column\">\n\t\t\t<div class=\"elementor-widget-wrap elementor-element-populated\">\n\t\t\t\t\t\t<div class=\"elementor-element elementor-element-a513547 elementor-widget elementor-widget-heading\" data-id=\"a513547\" data-element_type=\"widget\" data-widget_type=\"heading.default\">\n\t\t\t\t<div class=\"elementor-widget-container\">\n\t\t\t<h5 class=\"elementor-heading-title elementor-size-default\">Ce que nous offrons<\/h5>\t\t<\/div>\n\t\t\t\t<\/div>\n\t\t\t\t<div class=\"elementor-element elementor-element-696576bc elementor-widget elementor-widget-heading\" data-id=\"696576bc\" data-element_type=\"widget\" data-widget_type=\"heading.default\">\n\t\t\t\t<div class=\"elementor-widget-container\">\n\t\t\t<h2 class=\"elementor-heading-title elementor-size-default\">Nos Services<\/h2>\t\t<\/div>\n\t\t\t\t<\/div>\n\t\t\t\t\t<\/div>\n\t\t<\/div>\n\t\t\t\t<div class=\"elementor-column elementor-col-50 elementor-top-column elementor-element elementor-element-72511bc3\" data-id=\"72511bc3\" data-element_type=\"column\">\n\t\t\t<div class=\"elementor-widget-wrap elementor-element-populated\">\n\t\t\t\t\t\t<div class=\"elementor-element elementor-element-d40b85f elementor-widget elementor-widget-text-editor\" data-id=\"d40b85f\" data-element_type=\"widget\" data-widget_type=\"text-editor.default\">\n\t\t\t\t<div class=\"elementor-widget-container\">\n\t\t\t\t\t\t\t<p>\"L\u2019art de la beaut\u00e9 durable \u00e0 port\u00e9e de main. Prenez rendez-vous aujourd'hui et transformez votre vie quotidienne.\"<\/p>\t\t\t\t\t\t<\/div>\n\t\t\t\t<\/div>\n\t\t\t\t\t<\/div>\n\t\t<\/div>\n\t\t\t\t\t<\/div>\n\t\t<\/section>\n\t\t\t\t<section class=\"elementor-section elementor-top-section elementor-element elementor-element-4f73cd96 elementor-section-boxed elementor-section-height-default elementor-section-height-default\" data-id=\"4f73cd96\" data-element_type=\"section\">\n\t\t\t\t\t\t<div class=\"elementor-container elementor-column-gap-default\">\n\t\t\t\t\t<div class=\"elementor-column elementor-col-33 elementor-top-column elementor-element elementor-element-b79358c\" data-id=\"b79358c\" data-element_type=\"column\">\n\t\t\t<div class=\"elementor-widget-wrap elementor-element-populated\">\n\t\t\t\t\t\t<div class=\"elementor-element elementor-element-77444cc9 elementor-widget elementor-widget-image\" data-id=\"77444cc9\" data-element_type=\"widget\" data-widget_type=\"image.default\">\n\t\t\t\t<div class=\"elementor-widget-container\">\n\t\t\t\t\t\t\t\t\t\t\t\t\t\t<a href=\"\/fr\/services\/hair-cutting\/\">\n\t\t\t\t\t\t\t<img decoding=\"async\" src=\"https:\/\/ricoclinic.com\/wp-content\/uploads\/elementor\/thumbs\/image-part31@72x-100-1-1-qpi7xjelsa97942ggd5m6lkczqf5agd05jlfargsm4.jpg\" title=\"image-part31@72x-100-1.jpg\" alt=\"rico clinic micropigmentation\" loading=\"lazy\" \/>\t\t\t\t\t\t\t\t<\/a>\n\t\t\t\t\t\t\t\t\t\t\t\t\t<\/div>\n\t\t\t\t<\/div>\n\t\t\t\t<section class=\"elementor-section elementor-inner-section elementor-element elementor-element-3d0471bd elementor-section-boxed elementor-section-height-default elementor-section-height-default\" data-id=\"3d0471bd\" data-element_type=\"section\" data-settings=\"{&quot;background_background&quot;:&quot;classic&quot;}\">\n\t\t\t\t\t\t<div class=\"elementor-container elementor-column-gap-default\">\n\t\t\t\t\t<div class=\"elementor-column elementor-col-100 elementor-inner-column elementor-element elementor-element-5641d633\" data-id=\"5641d633\" data-element_type=\"column\">\n\t\t\t<div class=\"elementor-widget-wrap elementor-element-populated\">\n\t\t\t\t\t\t<div class=\"elementor-element elementor-element-576e1f4d elementor-widget elementor-widget-heading\" data-id=\"576e1f4d\" data-element_type=\"widget\" data-widget_type=\"heading.default\">\n\t\t\t\t<div class=\"elementor-widget-container\">\n\t\t\t<h2 class=\"elementor-heading-title elementor-size-default\"><a href=\"\/fr\/services\/hair-cutting\/\">Micro pigmentation<\/a><\/h2>\t\t<\/div>\n\t\t\t\t<\/div>\n\t\t\t\t<div class=\"elementor-element elementor-element-3e1c5512 elementor-widget elementor-widget-text-editor\" data-id=\"3e1c5512\" data-element_type=\"widget\" data-widget_type=\"text-editor.default\">\n\t\t\t\t<div class=\"elementor-widget-container\">\n\t\t\t\t\t\t\t<p>Revitalisez votre regard et red\u00e9finissez votre beaut\u00e9 gr\u00e2ce \u00e0 nos services de micro pigmentation. L'art d'une beaut\u00e9 durable \u00e0 port\u00e9e de main.<\/p>\t\t\t\t\t\t<\/div>\n\t\t\t\t<\/div>\n\t\t\t\t<div class=\"elementor-element elementor-element-2082e569 elementor-tablet-align-center elementor-mobile-align-center elementor-widget__width-auto elementor-widget-tablet__width-inherit elementor-widget-mobile__width-inherit elementor-widget elementor-widget-button\" data-id=\"2082e569\" data-element_type=\"widget\" data-widget_type=\"button.default\">\n\t\t\t\t<div class=\"elementor-widget-container\">\n\t\t\t\t\t<div class=\"elementor-button-wrapper\">\n\t\t\t<a class=\"elementor-button elementor-button-link elementor-size-sm\" href=\"https:\/\/squareup.com\/appointments\/book\/avk6vytb8rp6iv\/LB65GN3QB8KZ2\/start\">\n\t\t\t\t\t\t<span class=\"elementor-button-content-wrapper\">\n\t\t\t\t\t\t\t\t\t<span class=\"elementor-button-text\">RESERVEZ MAINTENANT<\/span>\n\t\t\t\t\t<\/span>\n\t\t\t\t\t<\/a>\n\t\t<\/div>\n\t\t\t\t<\/div>\n\t\t\t\t<\/div>\n\t\t\t\t<div class=\"elementor-element elementor-element-3f3fd5e2 elementor-tablet-align-center elementor-mobile-align-center elementor-widget__width-auto elementor-widget-tablet__width-inherit elementor-widget-mobile__width-inherit elementor-widget elementor-widget-button\" data-id=\"3f3fd5e2\" data-element_type=\"widget\" data-widget_type=\"button.default\">\n\t\t\t\t<div class=\"elementor-widget-container\">\n\t\t\t\t\t<div class=\"elementor-button-wrapper\">\n\t\t\t<a class=\"elementor-button elementor-button-link elementor-size-sm\" href=\"https:\/\/ricoclinic.com\/fr\/services-2\/micropigmentation-service-page\/\">\n\t\t\t\t\t\t<span class=\"elementor-button-content-wrapper\">\n\t\t\t\t\t\t\t\t\t<span class=\"elementor-button-text\">Savoir Plus<\/span>\n\t\t\t\t\t<\/span>\n\t\t\t\t\t<\/a>\n\t\t<\/div>\n\t\t\t\t<\/div>\n\t\t\t\t<\/div>\n\t\t\t\t\t<\/div>\n\t\t<\/div>\n\t\t\t\t\t<\/div>\n\t\t<\/section>\n\t\t\t\t\t<\/div>\n\t\t<\/div>\n\t\t\t\t<div class=\"elementor-column elementor-col-33 elementor-top-column elementor-element elementor-element-68c60baf\" data-id=\"68c60baf\" data-element_type=\"column\">\n\t\t\t<div class=\"elementor-widget-wrap elementor-element-populated\">\n\t\t\t\t\t\t<div class=\"elementor-element elementor-element-a2ff3b9 elementor-widget elementor-widget-image\" data-id=\"a2ff3b9\" data-element_type=\"widget\" data-widget_type=\"image.default\">\n\t\t\t\t<div class=\"elementor-widget-container\">\n\t\t\t\t\t\t\t\t\t\t\t\t\t\t<a href=\"\/fr\/services\/services-single\/\">\n\t\t\t\t\t\t\t<img decoding=\"async\" src=\"https:\/\/ricoclinic.com\/wp-content\/uploads\/elementor\/thumbs\/tattoo_removal-qvc7dl6lqxgtg1gnped44074yqr8k7hr9q85aepal8.jpg\" title=\"enl\u00e8vement du tatouage\" alt=\"Clinique de d\u00e9tatouage rico\" loading=\"lazy\" \/>\t\t\t\t\t\t\t\t<\/a>\n\t\t\t\t\t\t\t\t\t\t\t\t\t<\/div>\n\t\t\t\t<\/div>\n\t\t\t\t<section class=\"elementor-section elementor-inner-section elementor-element elementor-element-554c8386 elementor-section-boxed elementor-section-height-default elementor-section-height-default\" data-id=\"554c8386\" data-element_type=\"section\" data-settings=\"{&quot;background_background&quot;:&quot;classic&quot;}\">\n\t\t\t\t\t\t<div class=\"elementor-container elementor-column-gap-default\">\n\t\t\t\t\t<div class=\"elementor-column elementor-col-100 elementor-inner-column elementor-element elementor-element-2bd88c02\" data-id=\"2bd88c02\" data-element_type=\"column\">\n\t\t\t<div class=\"elementor-widget-wrap elementor-element-populated\">\n\t\t\t\t\t\t<div class=\"elementor-element elementor-element-12753741 elementor-widget elementor-widget-heading\" data-id=\"12753741\" data-element_type=\"widget\" data-widget_type=\"heading.default\">\n\t\t\t\t<div class=\"elementor-widget-container\">\n\t\t\t<h2 class=\"elementor-heading-title elementor-size-default\"><a href=\"\/fr\/services\/services-single\/\">d\u00e9tatouage<\/a><\/h2>\t\t<\/div>\n\t\t\t\t<\/div>\n\t\t\t\t<div class=\"elementor-element elementor-element-10cbc1c2 elementor-widget elementor-widget-text-editor\" data-id=\"10cbc1c2\" data-element_type=\"widget\" data-widget_type=\"text-editor.default\">\n\t\t\t\t<div class=\"elementor-widget-container\">\n\t\t\t\t\t\t\t<p>Dites adieu aux vieux tatouages, aux taches de naissance ou au maquillage permanent ind\u00e9sirable gr\u00e2ce \u00e0 notre service de d\u00e9tatouage.<\/p>\t\t\t\t\t\t<\/div>\n\t\t\t\t<\/div>\n\t\t\t\t<div class=\"elementor-element elementor-element-51afee18 elementor-tablet-align-center elementor-mobile-align-center elementor-widget__width-auto elementor-widget-tablet__width-inherit elementor-widget-mobile__width-inherit elementor-widget elementor-widget-button\" data-id=\"51afee18\" data-element_type=\"widget\" data-widget_type=\"button.default\">\n\t\t\t\t<div class=\"elementor-widget-container\">\n\t\t\t\t\t<div class=\"elementor-button-wrapper\">\n\t\t\t<a class=\"elementor-button elementor-button-link elementor-size-sm\" href=\"https:\/\/squareup.com\/appointments\/book\/avk6vytb8rp6iv\/LB65GN3QB8KZ2\/start\">\n\t\t\t\t\t\t<span class=\"elementor-button-content-wrapper\">\n\t\t\t\t\t\t\t\t\t<span class=\"elementor-button-text\">RESERVEZ MAINTENANT<\/span>\n\t\t\t\t\t<\/span>\n\t\t\t\t\t<\/a>\n\t\t<\/div>\n\t\t\t\t<\/div>\n\t\t\t\t<\/div>\n\t\t\t\t<div class=\"elementor-element elementor-element-4d9a778c elementor-tablet-align-center elementor-mobile-align-center elementor-widget__width-auto elementor-widget-tablet__width-inherit elementor-widget-mobile__width-inherit elementor-widget elementor-widget-button\" data-id=\"4d9a778c\" data-element_type=\"widget\" data-widget_type=\"button.default\">\n\t\t\t\t<div class=\"elementor-widget-container\">\n\t\t\t\t\t<div class=\"elementor-button-wrapper\">\n\t\t\t<a class=\"elementor-button elementor-button-link elementor-size-sm\" href=\"https:\/\/ricoclinic.com\/fr\/services-2\/tattoo-removal-service-page\/\">\n\t\t\t\t\t\t<span class=\"elementor-button-content-wrapper\">\n\t\t\t\t\t\t\t\t\t<span class=\"elementor-button-text\">Savoir Plus<\/span>\n\t\t\t\t\t<\/span>\n\t\t\t\t\t<\/a>\n\t\t<\/div>\n\t\t\t\t<\/div>\n\t\t\t\t<\/div>\n\t\t\t\t\t<\/div>\n\t\t<\/div>\n\t\t\t\t\t<\/div>\n\t\t<\/section>\n\t\t\t\t\t<\/div>\n\t\t<\/div>\n\t\t\t\t<div class=\"elementor-column elementor-col-33 elementor-top-column elementor-element elementor-element-6a2142f3\" data-id=\"6a2142f3\" data-element_type=\"column\">\n\t\t\t<div class=\"elementor-widget-wrap elementor-element-populated\">\n\t\t\t\t\t\t<div class=\"elementor-element elementor-element-e560733 elementor-widget elementor-widget-image\" data-id=\"e560733\" data-element_type=\"widget\" data-widget_type=\"image.default\">\n\t\t\t\t<div class=\"elementor-widget-container\">\n\t\t\t\t\t\t\t\t\t\t\t\t\t\t<a href=\"\/fr\/services\/hair-coloring\/\">\n\t\t\t\t\t\t\t<img decoding=\"async\" src=\"https:\/\/ricoclinic.com\/wp-content\/uploads\/elementor\/thumbs\/laser_removal-e1728536662603-qvc6ykpel6wy099qdeqmsal3e6r6m8w3jf3ycaynz0.png\" title=\"enl\u00e8vement au laser\" alt=\"laser_removal rico clinic\" loading=\"lazy\" \/>\t\t\t\t\t\t\t\t<\/a>\n\t\t\t\t\t\t\t\t\t\t\t\t\t<\/div>\n\t\t\t\t<\/div>\n\t\t\t\t<section class=\"elementor-section elementor-inner-section elementor-element elementor-element-21254c0b elementor-section-boxed elementor-section-height-default elementor-section-height-default\" data-id=\"21254c0b\" data-element_type=\"section\" data-settings=\"{&quot;background_background&quot;:&quot;classic&quot;}\">\n\t\t\t\t\t\t<div class=\"elementor-container elementor-column-gap-default\">\n\t\t\t\t\t<div class=\"elementor-column elementor-col-100 elementor-inner-column elementor-element elementor-element-3330428a\" data-id=\"3330428a\" data-element_type=\"column\">\n\t\t\t<div class=\"elementor-widget-wrap elementor-element-populated\">\n\t\t\t\t\t\t<div class=\"elementor-element elementor-element-4704d3e6 elementor-widget elementor-widget-heading\" data-id=\"4704d3e6\" data-element_type=\"widget\" data-widget_type=\"heading.default\">\n\t\t\t\t<div class=\"elementor-widget-container\">\n\t\t\t<h2 class=\"elementor-heading-title elementor-size-default\"><a href=\"\/fr\/services\/hair-coloring\/\">suppression du smp<\/a><\/h2>\t\t<\/div>\n\t\t\t\t<\/div>\n\t\t\t\t<div class=\"elementor-element elementor-element-475fc1b1 elementor-widget elementor-widget-text-editor\" data-id=\"475fc1b1\" data-element_type=\"widget\" data-widget_type=\"text-editor.default\">\n\t\t\t\t<div class=\"elementor-widget-container\">\n\t\t\t\t\t\t\t<p>L'\u00e9limination de la micropigmentation au laser est une proc\u00e9dure cosm\u00e9tique con\u00e7ue pour estomper ou \u00e9liminer compl\u00e8tement la micropigmentation ind\u00e9sirable du cuir chevelu.<\/p>\t\t\t\t\t\t<\/div>\n\t\t\t\t<\/div>\n\t\t\t\t<div class=\"elementor-element elementor-element-3ffc081a elementor-tablet-align-center elementor-mobile-align-center elementor-widget__width-auto elementor-widget-tablet__width-inherit elementor-widget-mobile__width-inherit elementor-widget elementor-widget-button\" data-id=\"3ffc081a\" data-element_type=\"widget\" data-widget_type=\"button.default\">\n\t\t\t\t<div class=\"elementor-widget-container\">\n\t\t\t\t\t<div class=\"elementor-button-wrapper\">\n\t\t\t<a class=\"elementor-button elementor-button-link elementor-size-sm\" href=\"https:\/\/squareup.com\/appointments\/book\/avk6vytb8rp6iv\/LB65GN3QB8KZ2\/start\">\n\t\t\t\t\t\t<span class=\"elementor-button-content-wrapper\">\n\t\t\t\t\t\t\t\t\t<span class=\"elementor-button-text\">RESERVEZ MAINTENANT<\/span>\n\t\t\t\t\t<\/span>\n\t\t\t\t\t<\/a>\n\t\t<\/div>\n\t\t\t\t<\/div>\n\t\t\t\t<\/div>\n\t\t\t\t<div class=\"elementor-element elementor-element-1303be39 elementor-tablet-align-center elementor-mobile-align-center elementor-widget__width-auto elementor-widget-tablet__width-inherit elementor-widget-mobile__width-inherit elementor-widget elementor-widget-button\" data-id=\"1303be39\" data-element_type=\"widget\" data-widget_type=\"button.default\">\n\t\t\t\t<div class=\"elementor-widget-container\">\n\t\t\t\t\t<div class=\"elementor-button-wrapper\">\n\t\t\t<a class=\"elementor-button elementor-button-link elementor-size-sm\" href=\"https:\/\/ricoclinic.com\/fr\/services-2\/smp-removal-service-page\/\">\n\t\t\t\t\t\t<span class=\"elementor-button-content-wrapper\">\n\t\t\t\t\t\t\t\t\t<span class=\"elementor-button-text\">Savoir Plus<\/span>\n\t\t\t\t\t<\/span>\n\t\t\t\t\t<\/a>\n\t\t<\/div>\n\t\t\t\t<\/div>\n\t\t\t\t<\/div>\n\t\t\t\t\t<\/div>\n\t\t<\/div>\n\t\t\t\t\t<\/div>\n\t\t<\/section>\n\t\t\t\t\t<\/div>\n\t\t<\/div>\n\t\t\t\t\t<\/div>\n\t\t<\/section>\n\t\t\t\t<\/div>","protected":false},"excerpt":{"rendered":"<p>what we&#8217;re offering OUR Services &#8220;The art of lasting beauty at your fingertips. Schedule an appointment today and transform your everyday life.&#8221; Micropigmentation Revitalize your gaze and redefine your beauty with our micropigmentation services.The art of lasting beauty at your fingertips. BOOK NOW Learn More tattoo removal Say goodbye to old tattoos, birthmarks, or unwanted [&hellip;]<\/p>\n","protected":false},"author":4,"featured_media":0,"parent":0,"menu_order":0,"comment_status":"closed","ping_status":"closed","template":"elementor_header_footer","meta":{"footnotes":""},"class_list":["post-27","page","type-page","status-publish","hentry"],"yoast_head":"<!-- This site is optimized with the Yoast SEO plugin v21.9.1 - https:\/\/yoast.com\/wordpress\/plugins\/seo\/ -->\n<title>Services - RicoClinic<\/title>\n<meta name=\"robots\" content=\"index, follow, max-snippet:-1, max-image-preview:large, max-video-preview:-1\" \/>\n<link rel=\"canonical\" href=\"https:\/\/ricoclinic.com\/fr\/services\/\" \/>\n<meta property=\"og:locale\" content=\"fr_CA\" \/>\n<meta property=\"og:type\" content=\"article\" \/>\n<meta property=\"og:title\" content=\"Services - RicoClinic\" \/>\n<meta property=\"og:description\" content=\"what we&#8217;re offering OUR Services &#8220;The art of lasting beauty at your fingertips. Schedule an appointment today and transform your everyday life.&#8221; Micropigmentation Revitalize your gaze and redefine your beauty with our micropigmentation services.The art of lasting beauty at your fingertips. BOOK NOW Learn More tattoo removal Say goodbye to old tattoos, birthmarks, or unwanted [&hellip;]\" \/>\n<meta property=\"og:url\" content=\"https:\/\/ricoclinic.com\/fr\/services\/\" \/>\n<meta property=\"og:site_name\" content=\"RicoClinic\" \/>\n<meta property=\"article:publisher\" content=\"https:\/\/www.facebook.com\/ricoclinic\/\" \/>\n<meta property=\"article:modified_time\" content=\"2024-10-10T05:16:15+00:00\" \/>\n<meta property=\"og:image\" content=\"https:\/\/ricoclinic.com\/wp-content\/uploads\/elementor\/thumbs\/image-part31@72x-100-1-1-qpi7xjelsa97942ggd5m6lkczqf5agd05jlfargsm4.jpg\" \/>\n<meta name=\"twitter:card\" content=\"summary_large_image\" \/>\n<script type=\"application\/ld+json\" class=\"yoast-schema-graph\">{\"@context\":\"https:\/\/schema.org\",\"@graph\":[{\"@type\":\"WebPage\",\"@id\":\"https:\/\/ricoclinic.com\/services\/\",\"url\":\"https:\/\/ricoclinic.com\/services\/\",\"name\":\"Services - RicoClinic\",\"isPartOf\":{\"@id\":\"https:\/\/ricoclinic.com\/#website\"},\"datePublished\":\"2021-12-09T20:19:51+00:00\",\"dateModified\":\"2024-10-10T05:16:15+00:00\",\"breadcrumb\":{\"@id\":\"https:\/\/ricoclinic.com\/services\/#breadcrumb\"},\"inLanguage\":\"fr-CA\",\"potentialAction\":[{\"@type\":\"ReadAction\",\"target\":[\"https:\/\/ricoclinic.com\/services\/\"]}]},{\"@type\":\"BreadcrumbList\",\"@id\":\"https:\/\/ricoclinic.com\/services\/#breadcrumb\",\"itemListElement\":[{\"@type\":\"ListItem\",\"position\":1,\"name\":\"Home\",\"item\":\"https:\/\/ricoclinic.com\/\"},{\"@type\":\"ListItem\",\"position\":2,\"name\":\"Services\"}]},{\"@type\":\"WebSite\",\"@id\":\"https:\/\/ricoclinic.com\/#website\",\"url\":\"https:\/\/ricoclinic.com\/\",\"name\":\"Rico Clinic\",\"description\":\"scalp micropigmentation, tattoo and micropigmentation removal\",\"publisher\":{\"@id\":\"https:\/\/ricoclinic.com\/#organization\"},\"potentialAction\":[{\"@type\":\"SearchAction\",\"target\":{\"@type\":\"EntryPoint\",\"urlTemplate\":\"https:\/\/ricoclinic.com\/?s={search_term_string}\"},\"query-input\":\"required name=search_term_string\"}],\"inLanguage\":\"fr-CA\"},{\"@type\":\"Organization\",\"@id\":\"https:\/\/ricoclinic.com\/#organization\",\"name\":\"Rico Clinic\",\"url\":\"https:\/\/ricoclinic.com\/\",\"logo\":{\"@type\":\"ImageObject\",\"inLanguage\":\"fr-CA\",\"@id\":\"https:\/\/ricoclinic.com\/#\/schema\/logo\/image\/\",\"url\":\"https:\/\/ricoclinic.com\/wp-content\/uploads\/2020\/11\/logooooo.png\",\"contentUrl\":\"https:\/\/ricoclinic.com\/wp-content\/uploads\/2020\/11\/logooooo.png\",\"width\":288,\"height\":94,\"caption\":\"Rico Clinic\"},\"image\":{\"@id\":\"https:\/\/ricoclinic.com\/#\/schema\/logo\/image\/\"},\"sameAs\":[\"https:\/\/www.facebook.com\/ricoclinic\/\",\"https:\/\/www.instagram.com\/ricoclinic\/\"]}]}<\/script>\n<!-- \/ Yoast SEO plugin. -->","yoast_head_json":{"title":"Services - RicoClinic","robots":{"index":"index","follow":"follow","max-snippet":"max-snippet:-1","max-image-preview":"max-image-preview:large","max-video-preview":"max-video-preview:-1"},"canonical":"https:\/\/ricoclinic.com\/fr\/services\/","og_locale":"fr_CA","og_type":"article","og_title":"Services - RicoClinic","og_description":"what we&#8217;re offering OUR Services &#8220;The art of lasting beauty at your fingertips. Schedule an appointment today and transform your everyday life.&#8221; Micropigmentation Revitalize your gaze and redefine your beauty with our micropigmentation services.The art of lasting beauty at your fingertips. BOOK NOW Learn More tattoo removal Say goodbye to old tattoos, birthmarks, or unwanted [&hellip;]","og_url":"https:\/\/ricoclinic.com\/fr\/services\/","og_site_name":"RicoClinic","article_publisher":"https:\/\/www.facebook.com\/ricoclinic\/","article_modified_time":"2024-10-10T05:16:15+00:00","og_image":[{"url":"https:\/\/ricoclinic.com\/wp-content\/uploads\/elementor\/thumbs\/image-part31@72x-100-1-1-qpi7xjelsa97942ggd5m6lkczqf5agd05jlfargsm4.jpg"}],"twitter_card":"summary_large_image","schema":{"@context":"https:\/\/schema.org","@graph":[{"@type":"WebPage","@id":"https:\/\/ricoclinic.com\/services\/","url":"https:\/\/ricoclinic.com\/services\/","name":"Services - RicoClinic","isPartOf":{"@id":"https:\/\/ricoclinic.com\/#website"},"datePublished":"2021-12-09T20:19:51+00:00","dateModified":"2024-10-10T05:16:15+00:00","breadcrumb":{"@id":"https:\/\/ricoclinic.com\/services\/#breadcrumb"},"inLanguage":"fr-CA","potentialAction":[{"@type":"ReadAction","target":["https:\/\/ricoclinic.com\/services\/"]}]},{"@type":"BreadcrumbList","@id":"https:\/\/ricoclinic.com\/services\/#breadcrumb","itemListElement":[{"@type":"ListItem","position":1,"name":"Home","item":"https:\/\/ricoclinic.com\/"},{"@type":"ListItem","position":2,"name":"Services"}]},{"@type":"WebSite","@id":"https:\/\/ricoclinic.com\/#website","url":"https:\/\/ricoclinic.com\/","name":"Clinique Rico","description":"micropigmentation du cuir chevelu, \u00e9limination des tatouages et de la micropigmentation","publisher":{"@id":"https:\/\/ricoclinic.com\/#organization"},"potentialAction":[{"@type":"SearchAction","target":{"@type":"EntryPoint","urlTemplate":"https:\/\/ricoclinic.com\/?s={search_term_string}"},"query-input":"required name=search_term_string"}],"inLanguage":"fr-CA"},{"@type":"Organization","@id":"https:\/\/ricoclinic.com\/#organization","name":"Clinique Rico","url":"https:\/\/ricoclinic.com\/","logo":{"@type":"ImageObject","inLanguage":"fr-CA","@id":"https:\/\/ricoclinic.com\/#\/schema\/logo\/image\/","url":"https:\/\/ricoclinic.com\/wp-content\/uploads\/2020\/11\/logooooo.png","contentUrl":"https:\/\/ricoclinic.com\/wp-content\/uploads\/2020\/11\/logooooo.png","width":288,"height":94,"caption":"Rico Clinic"},"image":{"@id":"https:\/\/ricoclinic.com\/#\/schema\/logo\/image\/"},"sameAs":["https:\/\/www.facebook.com\/ricoclinic\/","https:\/\/www.instagram.com\/ricoclinic\/"]}]}},"_links":{"self":[{"href":"https:\/\/ricoclinic.com\/fr\/wp-json\/wp\/v2\/pages\/27","targetHints":{"allow":["GET"]}}],"collection":[{"href":"https:\/\/ricoclinic.com\/fr\/wp-json\/wp\/v2\/pages"}],"about":[{"href":"https:\/\/ricoclinic.com\/fr\/wp-json\/wp\/v2\/types\/page"}],"author":[{"embeddable":true,"href":"https:\/\/ricoclinic.com\/fr\/wp-json\/wp\/v2\/users\/4"}],"replies":[{"embeddable":true,"href":"https:\/\/ricoclinic.com\/fr\/wp-json\/wp\/v2\/comments?post=27"}],"version-history":[{"count":12,"href":"https:\/\/ricoclinic.com\/fr\/wp-json\/wp\/v2\/pages\/27\/revisions"}],"predecessor-version":[{"id":31505,"href":"https:\/\/ricoclinic.com\/fr\/wp-json\/wp\/v2\/pages\/27\/revisions\/31505"}],"wp:attachment":[{"href":"https:\/\/ricoclinic.com\/fr\/wp-json\/wp\/v2\/media?parent=27"}],"curies":[{"name":"wp","href":"https:\/\/api.w.org\/{rel}","templated":true}]}}